{"id":18,"date":"2026-03-27T14:28:20","date_gmt":"2026-03-27T14:28:20","guid":{"rendered":"https:\/\/scriptureqna.com\/?page_id=18"},"modified":"2026-04-20T06:09:28","modified_gmt":"2026-04-20T04:09:28","slug":"impressum","status":"publish","type":"page","link":"https:\/\/scriptureqna.com\/?page_id=18","title":{"rendered":"Impressum"},"content":{"rendered":"\n<h2 class=\"wp-block-heading\">Author of the Website \/ Autor der Website<\/h2>\n\n\n\n<p>Eduard Mkrtchyan<\/p>\n\n\n\n<h2 class=\"wp-block-heading\">Address \/ Anschrift<\/h2>\n\n\n\n<p>Florianigasse 4, 3040 Neulengbach, Austria<\/p>\n\n\n\n<h2 class=\"wp-block-heading\">Contact information \/ Kontaktinformationen<\/h2>\n\n\n\n<h3 class=\"wp-block-heading\">Email \/ E-Mail<\/h3>\n\n\n\n<p><a href=\"mailto:contact@ScriptureQnA.com\" target=\"_blank\" rel=\"noreferrer noopener\">contact@ScriptureQnA.com<\/a><\/p>\n\n\n\n<h2 class=\"wp-block-heading\">Purpose of the website \/ Zweck der Website<\/h2>\n\n\n\n<p><strong>EN:<\/strong> Operating an online platform for publishing and disseminating Bible-related content, particularly in the form of questions and answers, articles, study guides, and topic-specific resources. The goal is to promote biblical education, support personal Bible studies, and facilitate the exchange of ideas on religious and theological topics.<\/p>\n\n\n\n<p><strong>DE:<\/strong> Betreiben einer Online-Plattform zur Ver\u00f6ffentlichung und Vermittlung von bibelbezogenen Inhalten, insbesondere in Form von Fragen und Antworten, Artikeln, Studienhilfen und themenspezifischen Ressourcen. Ziel ist die F\u00f6rderung der biblischen Bildung, die Unterst\u00fctzung pers\u00f6nlicher Bibelstudien und der Austausch \u00fcber religi\u00f6se und theologische Themen.<\/p>\n\n\n\n<h2 class=\"wp-block-heading\">Disclaimer for Content and Links \/ Haftung f\u00fcr Inhalte und Links<\/h2>\n\n\n\n<p><strong>EN:<\/strong> The contents of this website have been created with the greatest possible care. However, no guarantee is given for the accuracy, completeness or timeliness of the content. Despite careful control of the content, we do not assume any liability for external links. The operators of linked websites are solely responsible for their content.<\/p>\n\n\n\n<p><strong>DE:<\/strong> Die Inhalte dieser Website wurden mit gr\u00f6\u00dftm\u00f6glicher Sorgfalt erstellt. F\u00fcr die Richtigkeit, Vollst\u00e4ndigkeit und Aktualit\u00e4t der Inhalte wird jedoch keine Gew\u00e4hr \u00fcbernommen. Trotz sorgf\u00e4ltiger inhaltlicher Kontrolle \u00fcbernehmen wir keine Haftung f\u00fcr die Inhalte externer Links. F\u00fcr den Inhalt verlinkter Seiten sind ausschlie\u00dflich deren Betreiber verantwortlich.<\/p>\n","protected":false},"excerpt":{"rendered":"<p>Author of the Website \/ Autor der Website Eduard Mkrtchyan Address \/ Anschrift Florianigasse 4, 3040 Neulengbach, Austria Contact information \/ Kontaktinformationen Email \/ E-Mail contact@ScriptureQnA.com Purpose of the website \/ Zweck der Website EN: Operating an online platform for publishing and disseminating Bible-related content, particularly in the form of questions and answers, articles, study [&hellip;]<\/p>\n","protected":false},"author":3,"featured_media":0,"parent":0,"menu_order":0,"comment_status":"closed","ping_status":"closed","template":"","meta":{"footnotes":""},"class_list":["post-18","page","type-page","status-publish","hentry"],"aioseo_notices":[],"_hostinger_reach_plugin_has_subscription_block":false,"_hostinger_reach_plugin_is_elementor":false,"_links":{"self":[{"href":"https:\/\/scriptureqna.com\/index.php?rest_route=\/wp\/v2\/pages\/18","targetHints":{"allow":["GET"]}}],"collection":[{"href":"https:\/\/scriptureqna.com\/index.php?rest_route=\/wp\/v2\/pages"}],"about":[{"href":"https:\/\/scriptureqna.com\/index.php?rest_route=\/wp\/v2\/types\/page"}],"author":[{"embeddable":true,"href":"https:\/\/scriptureqna.com\/index.php?rest_route=\/wp\/v2\/users\/3"}],"replies":[{"embeddable":true,"href":"https:\/\/scriptureqna.com\/index.php?rest_route=%2Fwp%2Fv2%2Fcomments&post=18"}],"version-history":[{"count":4,"href":"https:\/\/scriptureqna.com\/index.php?rest_route=\/wp\/v2\/pages\/18\/revisions"}],"predecessor-version":[{"id":353,"href":"https:\/\/scriptureqna.com\/index.php?rest_route=\/wp\/v2\/pages\/18\/revisions\/353"}],"wp:attachment":[{"href":"https:\/\/scriptureqna.com\/index.php?rest_route=%2Fwp%2Fv2%2Fmedia&parent=18"}],"curies":[{"name":"wp","href":"https:\/\/api.w.org\/{rel}","templated":true}]}}