{"id":22,"date":"2026-03-27T14:29:11","date_gmt":"2026-03-27T14:29:11","guid":{"rendered":"https:\/\/scriptureqna.com\/?page_id=22"},"modified":"2026-04-02T16:58:52","modified_gmt":"2026-04-02T14:58:52","slug":"deutsch","status":"publish","type":"page","link":"https:\/\/scriptureqna.com\/?page_id=22","title":{"rendered":"Willkommen bei ScriptureQnA.com"},"content":{"rendered":"\n<div class=\"wp-block-group has-global-padding is-layout-constrained wp-block-group-is-layout-constrained\">\n<p>Hier findest Du eine wachsende Sammlung von Q&amp;A-Beitr\u00e4gen zu verschiedenen Themen in mehreren Sprachen. Egal, ob Du gerade erst anf\u00e4ngst oder Dich mit fortgeschritteneren Ideen besch\u00e4ftigen m\u00f6chtest \u2013 hier ist auf jeden Fall etwas f\u00fcr Dich dabei!<\/p>\n\n\n\n<p>Um Dir die Orientierung zu erleichtern, haben wir unten eine kuratierte Auswahl an Themen zusammengestellt, die von grundlegenden Konzepten bis hin zu tiefergehenden Diskussionen reicht. Du kannst auch auf die Schaltfl\u00e4che unten klicken, um die neuesten Q&amp;A-Beitr\u00e4ge auf Deutsch zu sehen und \u00fcber neue Ver\u00f6ffentlichungen auf dem Laufenden zu bleiben.<\/p>\n\n\n\n<p>Wir laden Dich ein, zu entdecken, zu lernen und Dein Verst\u00e4ndnis der Bibel zu vertiefen.<\/p>\n\n\n\n<div class=\"wp-block-buttons is-layout-flex wp-block-buttons-is-layout-flex\">\n<div class=\"wp-block-button\"><a class=\"wp-block-button__link has-accent-3-background-color has-background has-large-font-size has-custom-font-size wp-element-button\" href=\"https:\/\/scriptureqna.com\/?cat=4\" style=\"border-top-left-radius:20px;border-top-right-radius:20px;border-bottom-left-radius:20px;border-bottom-right-radius:20px\">Neueste Q&amp;A Beitr\u00e4ge<\/a><\/div>\n<\/div>\n<\/div>\n\n\n\n<div class=\"wp-block-group has-global-padding is-layout-constrained wp-block-group-is-layout-constrained\">\n<hr class=\"wp-block-separator has-alpha-channel-opacity is-style-default\" style=\"margin-top:var(--wp--preset--spacing--40);margin-bottom:var(--wp--preset--spacing--40)\"\/>\n\n\n\n<h2 class=\"wp-block-heading\">Q&amp;A nach Themen &#8211; vollst\u00e4ndige Liste<\/h2>\n\n\n\n<h3 class=\"wp-block-heading\">\ud83e\udd57 Ern\u00e4hrung &amp; Gesundheit<\/h3>\n\n\n\n<p><a href=\"https:\/\/scriptureqna.com\/?p=303\" title=\"D\u00fcrfen Christen rauchen oder Drogen konsumieren?\">D\u00fcrfen Christen rauchen oder Drogen konsumieren?<\/a><\/p>\n\n\n\n<p><a href=\"https:\/\/scriptureqna.com\/?p=307\" title=\"Unterst\u00fctzt die Bibel einen ma\u00dfvollen Alkoholkonsum?\">Unterst\u00fctzt die Bibel einen ma\u00dfvollen Alkoholkonsum?<\/a><\/p>\n\n\n\n<p><a href=\"https:\/\/scriptureqna.com\/?p=309\" title=\"D\u00fcrfen Nachfolger Jesu Alkohol trinken?\">D\u00fcrfen Nachfolger Jesu Alkohol trinken?<\/a><\/p>\n<\/div>\n\n\n\n<h3 class=\"wp-block-heading\">\ud83d\udce3 Dienst<\/h3>\n\n\n\n<p><a href=\"https:\/\/scriptureqna.com\/?p=221\" title=\"Was macht einen Christen wirklich frei?\">Was macht einen Christen wirklich frei?<\/a><\/p>\n\n\n\n<div class=\"wp-block-group has-global-padding is-layout-constrained wp-block-group-is-layout-constrained\">\n<hr class=\"wp-block-separator has-alpha-channel-opacity\" style=\"margin-top:var(--wp--preset--spacing--40);margin-bottom:var(--wp--preset--spacing--40)\"\/>\n\n\n\n<h2 class=\"wp-block-heading\">Kontakt<\/h2>\n\n\n\n<p>E-Mail-Adresse f\u00fcr Feedback und Anfragen:<\/p>\n\n\n\n<p><a href=\"mailto:ScriptureQnA.com@pm.me\" rel=\"nofollow ugc\" title=\"\">contact@ScriptureQnA.com<\/a><\/p>\n<\/div>\n","protected":false},"excerpt":{"rendered":"<p>Hier findest Du eine wachsende Sammlung von Q&amp;A-Beitr\u00e4gen zu verschiedenen Themen in mehreren Sprachen. Egal, ob Du gerade erst anf\u00e4ngst oder Dich mit fortgeschritteneren Ideen besch\u00e4ftigen m\u00f6chtest \u2013 hier ist auf jeden Fall etwas f\u00fcr Dich dabei! Um Dir die Orientierung zu erleichtern, haben wir unten eine kuratierte Auswahl an Themen zusammengestellt, die von grundlegenden [&hellip;]<\/p>\n","protected":false},"author":3,"featured_media":99,"parent":16,"menu_order":0,"comment_status":"closed","ping_status":"closed","template":"","meta":{"footnotes":""},"class_list":["post-22","page","type-page","status-publish","has-post-thumbnail","hentry"],"aioseo_notices":[],"_hostinger_reach_plugin_has_subscription_block":false,"_hostinger_reach_plugin_is_elementor":false,"_links":{"self":[{"href":"https:\/\/scriptureqna.com\/index.php?rest_route=\/wp\/v2\/pages\/22","targetHints":{"allow":["GET"]}}],"collection":[{"href":"https:\/\/scriptureqna.com\/index.php?rest_route=\/wp\/v2\/pages"}],"about":[{"href":"https:\/\/scriptureqna.com\/index.php?rest_route=\/wp\/v2\/types\/page"}],"author":[{"embeddable":true,"href":"https:\/\/scriptureqna.com\/index.php?rest_route=\/wp\/v2\/users\/3"}],"replies":[{"embeddable":true,"href":"https:\/\/scriptureqna.com\/index.php?rest_route=%2Fwp%2Fv2%2Fcomments&post=22"}],"version-history":[{"count":12,"href":"https:\/\/scriptureqna.com\/index.php?rest_route=\/wp\/v2\/pages\/22\/revisions"}],"predecessor-version":[{"id":324,"href":"https:\/\/scriptureqna.com\/index.php?rest_route=\/wp\/v2\/pages\/22\/revisions\/324"}],"up":[{"embeddable":true,"href":"https:\/\/scriptureqna.com\/index.php?rest_route=\/wp\/v2\/pages\/16"}],"wp:featuredmedia":[{"embeddable":true,"href":"https:\/\/scriptureqna.com\/index.php?rest_route=\/wp\/v2\/media\/99"}],"wp:attachment":[{"href":"https:\/\/scriptureqna.com\/index.php?rest_route=%2Fwp%2Fv2%2Fmedia&parent=22"}],"curies":[{"name":"wp","href":"https:\/\/api.w.org\/{rel}","templated":true}]}}